{"id":566,"date":"2024-03-18T13:05:19","date_gmt":"2024-03-18T12:05:19","guid":{"rendered":"https:\/\/spagranclaustre.dev-ws.com\/politique-de-confidentialite\/"},"modified":"2025-09-09T10:10:42","modified_gmt":"2025-09-09T08:10:42","slug":"politique-de-confidentialite","status":"publish","type":"page","link":"https:\/\/spagranclaustre.dev-ws.com\/fr\/politique-de-confidentialite\/","title":{"rendered":"Politique de confidentialit\u00e9"},"content":{"rendered":"\n<p><strong><em>PROTECTION DES DONN\u00c9ES H\u00d4TEL GRAN CLAUSTRO SL.<\/em><\/strong><\/p>\n\n<p><em>L&#8217;entreprise garantit aux utilisateurs du site web qu&#8217;elle respecte le r\u00e8glement g\u00e9n\u00e9ral sur la protection des donn\u00e9es (UE) 2016\/679, et qu&#8217;elle a mis en place les mesures de s\u00e9curit\u00e9 requises par les lois et r\u00e8glements visant \u00e0 pr\u00e9server le secret, la confidentialit\u00e9 et l&#8217;int\u00e9grit\u00e9 dans le traitement de leurs donn\u00e9es personnelles.<\/em><\/p>\n\n<p><em>Ces donn\u00e9es personnelles seront utilis\u00e9es de la mani\u00e8re et avec les limitations et les droits accord\u00e9s par la loi sur la protection des donn\u00e9es personnelles.<\/em><\/p>\n\n<p><em>La collecte et le traitement des donn\u00e9es personnelles demand\u00e9es ont pour but de fournir une attention administrative et commerciale \u00e0 l&#8217;utilisateur. TAMARIT S.A. s&#8217;engage \u00e0 garder le maximum de r\u00e9serve, de secret et de confidentialit\u00e9 des donn\u00e9es personnelles dont elle dispose. Vous avez le droit d&#8217;obtenir la confirmation que TAMARIT S.A. traite vos donn\u00e9es personnelles et, par cons\u00e9quent, vous avez le droit d&#8217;acc\u00e9der \u00e0 vos donn\u00e9es personnelles, de rectifier les donn\u00e9es inexactes ou de demander leur suppression lorsque les donn\u00e9es ne sont plus n\u00e9cessaires aux fins pour lesquelles elles ont \u00e9t\u00e9 collect\u00e9es.  <\/em><\/p>\n\n<p><strong><em>AVIS JURIDIQUE LSSI &#8211; CE  <\/em><\/strong><em> <\/em><\/p>\n\n<p><em>Conform\u00e9ment \u00e0 la loi 34\/2002, du 11 juillet, sur les services de la soci\u00e9t\u00e9 de l&#8217;information et le commerce \u00e9lectronique (LSSI-CE), l&#8217;entreprise TAMARIT S.A. vous informe qu&#8217;elle est propri\u00e9taire du site Web. Conform\u00e9ment aux dispositions de l&#8217;article 10 de ladite loi, elle vous communique les donn\u00e9es suivantes : <\/em><\/p>\n\n<p><em>Le propri\u00e9taire de ce site web est : TAMARIT S.A.<\/em><\/p>\n\n<p><em>NUM\u00c9RO DE TVA : A08132029<\/em><\/p>\n\n<p><em>Si\u00e8ge social : PLATJA TAMARIT S\/N &#8211; 43008 (Tarragona)  <\/em><\/p>\n\n<p><strong><em>UTILISATEURS<\/em><\/strong><\/p>\n\n<p><em>L&#8217;acc\u00e8s et\/ou l&#8217;utilisation de ce portail implique la condition de l&#8217;UTILISATEUR, qui accepte, \u00e0 partir de cet acc\u00e8s et\/ou de cette utilisation, les conditions g\u00e9n\u00e9rales d&#8217;utilisation refl\u00e9t\u00e9es ici. Les conditions susmentionn\u00e9es sont applicables ind\u00e9pendamment des conditions g\u00e9n\u00e9rales de contrat qui peuvent \u00eatre obligatoires. <\/em><\/p>\n\n<p><strong><em>UTILISATION DU PORTAIL<\/em><\/strong><\/p>\n\n<p><em>Le site Web permet d&#8217;acc\u00e9der \u00e0 une multitude d&#8217;informations, de services, de programmes ou de donn\u00e9es (ci-apr\u00e8s, &#8220;les contenus&#8221;) sur Internet appartenant \u00e0 TAMARIT S.A. ou \u00e0 ses conc\u00e9dants de licence, auxquels l&#8217;UTILISATEUR peut avoir acc\u00e8s. L&#8217;UTILISATEUR assume la responsabilit\u00e9 de l&#8217;utilisation du portail. Cette responsabilit\u00e9 s&#8217;\u00e9tend \u00e0 l&#8217;inscription \u00e9ventuellement n\u00e9cessaire pour acc\u00e9der \u00e0 certains services ou contenus.  <\/em><\/p>\n\n<p><em>Lors de cet enregistrement, l&#8217;UTILISATEUR est tenu de fournir des informations v\u00e9ridiques et licites. En cons\u00e9quence de cet enregistrement, l&#8217;UTILISATEUR pourra se voir attribuer un mot de passe dont il sera responsable, s&#8217;engageant \u00e0 en faire un usage diligent et confidentiel. L&#8217;UTILISATEUR s&#8217;engage \u00e0 faire un usage appropri\u00e9 des contenus et des services que TAMARIT S.A. offre \u00e0 travers son portail et, \u00e0 titre d&#8217;exemple mais non limitatif, \u00e0 ne pas les utiliser pour :  <\/em><\/p>\n\n<p><strong><em>PROPRI\u00c9T\u00c9 INTELLECTUELLE ET INDUSTRIELLE<\/em><\/strong><\/p>\n\n<p><em>TAMARIT S.A. est titulaire de tous les droits de propri\u00e9t\u00e9 intellectuelle et industrielle de son site Web, ainsi que des \u00e9l\u00e9ments qu&#8217;il contient (y compris, mais sans s&#8217;y limiter, les images, le son, l&#8217;audio, la vid\u00e9o, le logiciel ou les textes ; les marques ou les logos, les combinaisons de couleurs, la structure et le design, la s\u00e9lection des mat\u00e9riaux, etc.<\/em><em> TAMARIT S.A. est titulaire de tous les droits de propri\u00e9t\u00e9 intellectuelle et industrielle de son site web, ainsi que des \u00e9l\u00e9ments qu&#8217;il contient (y compris, mais sans s&#8217;y limiter, les images, le son, l&#8217;audio, la vid\u00e9o, les logiciels ou les textes ; les marques ou les logos, les combinaisons de couleurs, la structure et la conception, le choix des mat\u00e9riaux utilis\u00e9s, les programmes informatiques n\u00e9cessaires \u00e0 son fonctionnement, \u00e0 son acc\u00e8s et \u00e0 son utilisation, etc.)<\/em><\/p>\n\n<p><em>Tous droits r\u00e9serv\u00e9s. Conform\u00e9ment aux dispositions des articles 8 et 32.1, deuxi\u00e8me alin\u00e9a, de la Loi sur la propri\u00e9t\u00e9 intellectuelle, la reproduction, la distribution et la communication publique, y compris la mise \u00e0 disposition, de tout ou partie du contenu de ce site Web, \u00e0 des fins commerciales, sur tout support et par tout moyen technique, sont express\u00e9ment interdites sans l&#8217;autorisation de TAMARIT S.A.. L&#8217;UTILISATEUR s&#8217;engage \u00e0 respecter les droits de propri\u00e9t\u00e9 intellectuelle et industrielle de TAMARIT S.A.. Vous pouvez visualiser les \u00e9l\u00e9ments du portail et m\u00eame les imprimer, les copier et les stocker sur le disque dur de votre ordinateur ou sur tout autre support physique, \u00e0 condition que ce soit uniquement et exclusivement pour votre usage personnel et priv\u00e9. L&#8217;UTILISATEUR doit s&#8217;abstenir de supprimer, d&#8217;alt\u00e9rer, d&#8217;\u00e9luder ou de manipuler tout dispositif de protection ou syst\u00e8me de s\u00e9curit\u00e9 install\u00e9 sur les pages de TAMARIT S.A..    <\/em><\/p>\n\n<p><strong><em>EXCLUSION DES GARANTIES ET DE LA RESPONSABILIT\u00c9<\/em><\/strong><\/p>\n\n<p><em>TAMARIT S.A. ne sera en aucun cas responsable des dommages de toute nature pouvant \u00eatre caus\u00e9s par, mais sans s&#8217;y limiter<\/em><em> de toute nature pouvant \u00eatre caus\u00e9s par, mais sans s&#8217;y limiter : des erreurs ou des omissions dans les contenus, le manque de disponibilit\u00e9 du portail ou la transmission de virus ou de programmes malveillants ou nuisibles dans les contenus, malgr\u00e9 l&#8217;adoption de toutes les mesures technologiques n\u00e9cessaires pour l&#8217;\u00e9viter.<\/em><\/p>\n\n<p><strong><em>MODIFICATIONS<\/em><\/strong><\/p>\n\n<p><em>TAMARIT S.A. se r\u00e9serve le droit d&#8217;apporter, sans pr\u00e9avis, toutes les modifications qu&#8217;elle jugera opportunes \u00e0 son portail.<\/em><em> TAMARIT S.A. se r\u00e9serve le droit d&#8217;apporter, sans pr\u00e9avis, les modifications qu&#8217;elle juge opportunes \u00e0 son portail, et peut changer, supprimer ou ajouter aussi bien le contenu et les services fournis \u00e0 travers celui-ci que la fa\u00e7on dont ils sont pr\u00e9sent\u00e9s ou situ\u00e9s sur son portail.<\/em><\/p>\n\n<p><strong><em>LIENS<\/em><\/strong><\/p>\n\n<p><em>Dans le cas o\u00f9 le site Web contiendrait des liens ou des hyperliens vers d&#8217;autres sites Internet, TAMARIT S.A. n&#8217;exercera aucun type de contr\u00f4le sur ces sites et leur contenu. En aucun cas, TAMARIT S.A. n&#8217;assumera la responsabilit\u00e9 du contenu de tout lien appartenant \u00e0 un site Internet externe, ni ne garantira la disponibilit\u00e9 technique, la qualit\u00e9, la fiabilit\u00e9, l&#8217;exactitude, l&#8217;exhaustivit\u00e9, la v\u00e9racit\u00e9, la validit\u00e9 et la constitutionnalit\u00e9 de tout mat\u00e9riel ou information contenu dans l&#8217;un de ces hyperliens ou dans d&#8217;autres sites Internet. <\/em><\/p>\n\n<p><em>De m\u00eame, l&#8217;inclusion de ces connexions externes n&#8217;implique aucune forme d&#8217;association, de fusion ou de participation avec les entit\u00e9s connect\u00e9es.<\/em><\/p>\n\n<p><strong><em>DROIT D&#8217;EXCLUSION<\/em><\/strong><\/p>\n\n<p><em>TAMARIT S.A. se r\u00e9serve le droit de refuser ou de retirer l&#8217;acc\u00e8s au portail et\/ou aux services offerts sans pr\u00e9avis, \u00e0 sa propre demande ou \u00e0 la demande d&#8217;un tiers, aux utilisateurs qui ne respectent pas les pr\u00e9sentes conditions g\u00e9n\u00e9rales d&#8217;utilisation.<\/em><em> L&#8217;entreprise se r\u00e9serve le droit de refuser ou de retirer l&#8217;acc\u00e8s au portail et\/ou aux services offerts sans pr\u00e9avis, \u00e0 sa propre demande ou \u00e0 la demande d&#8217;un tiers, aux utilisateurs qui ne respectent pas les pr\u00e9sentes conditions g\u00e9n\u00e9rales d&#8217;utilisation.<\/em><\/p>\n\n<p><strong><em>G\u00c9N\u00c9RALIT\u00c9S<\/em><\/strong><\/p>\n\n<p><em>TAMARIT S.A. poursuivra la violation des pr\u00e9sentes conditions, ainsi que toute utilisation abusive de son portail, en exer\u00e7ant toutes les actions civiles et p\u00e9nales auxquelles elle peut pr\u00e9tendre en vertu de la loi.<\/em><em> TAMARIT S.A. poursuivra la violation des pr\u00e9sentes conditions, ainsi que toute utilisation abusive de son portail, en exer\u00e7ant toutes les actions civiles et p\u00e9nales auxquelles elle peut pr\u00e9tendre en vertu de la loi.<\/em><\/p>\n\n<p><strong><em>MODIFICATION DE CES CONDITIONS ET DUR\u00c9E<\/em><\/strong><\/p>\n\n<p><em>TAMARIT S.A. peut modifier \u00e0 tout moment les termes et conditions des pr\u00e9sentes<\/em><em> d\u00fbment publi\u00e9es telles qu&#8217;elles apparaissent ici.<\/em><\/p>\n\n<p><em>La validit\u00e9 de ces conditions d\u00e9pend de leur exposition et reste en vigueur jusqu&#8217;\u00e0 ce qu&#8217;elles soient d\u00fbment publi\u00e9es. elles sont modifi\u00e9es par d&#8217;autres. <\/em><\/p>\n\n<p><strong><em>DROIT APPLICABLE ET JURIDICTION<\/em><\/strong><\/p>\n\n<p><em>La relation entre TAMARIT S.A. et l&#8217;UTILISATEUR est r\u00e9gie par la l\u00e9gislation espagnole en vigueur.<\/em><em> Tout litige sera soumis aux Cours et Tribunaux de la ville susmentionn\u00e9e.<\/em><\/p>\n","protected":false},"excerpt":{"rendered":"<p>PROTECTION DES DONN\u00c9ES H\u00d4TEL GRAN CLAUSTRO SL. L&#8217;entreprise garantit aux utilisateurs du site web qu&#8217;elle respecte le r\u00e8glement g\u00e9n\u00e9ral sur la protection des donn\u00e9es (UE) 2016\/679, et qu&#8217;elle a mis en place les mesures de s\u00e9curit\u00e9 requises par les lois et r\u00e8glements visant \u00e0 pr\u00e9server le secret, la confidentialit\u00e9 et l&#8217;int\u00e9grit\u00e9 dans le traitement de [&hellip;]<\/p>\n","protected":false},"author":1,"featured_media":0,"parent":0,"menu_order":0,"comment_status":"closed","ping_status":"closed","template":"","meta":{"_acf_changed":false,"_seopress_robots_primary_cat":"","_seopress_titles_title":"","_seopress_titles_desc":"","_seopress_robots_index":"","footnotes":""},"class_list":["post-566","page","type-page","status-publish","hentry"],"acf":[],"_links":{"self":[{"href":"https:\/\/spagranclaustre.dev-ws.com\/fr\/wp-json\/wp\/v2\/pages\/566","targetHints":{"allow":["GET"]}}],"collection":[{"href":"https:\/\/spagranclaustre.dev-ws.com\/fr\/wp-json\/wp\/v2\/pages"}],"about":[{"href":"https:\/\/spagranclaustre.dev-ws.com\/fr\/wp-json\/wp\/v2\/types\/page"}],"author":[{"embeddable":true,"href":"https:\/\/spagranclaustre.dev-ws.com\/fr\/wp-json\/wp\/v2\/users\/1"}],"replies":[{"embeddable":true,"href":"https:\/\/spagranclaustre.dev-ws.com\/fr\/wp-json\/wp\/v2\/comments?post=566"}],"version-history":[{"count":2,"href":"https:\/\/spagranclaustre.dev-ws.com\/fr\/wp-json\/wp\/v2\/pages\/566\/revisions"}],"predecessor-version":[{"id":746,"href":"https:\/\/spagranclaustre.dev-ws.com\/fr\/wp-json\/wp\/v2\/pages\/566\/revisions\/746"}],"wp:attachment":[{"href":"https:\/\/spagranclaustre.dev-ws.com\/fr\/wp-json\/wp\/v2\/media?parent=566"}],"curies":[{"name":"wp","href":"https:\/\/api.w.org\/{rel}","templated":true}]}}